{"id":35,"date":"2025-01-16T13:33:05","date_gmt":"2025-01-16T13:33:05","guid":{"rendered":"https:\/\/mindful-youth.al\/?page_id=35"},"modified":"2025-04-08T11:39:10","modified_gmt":"2025-04-08T11:39:10","slug":"kreu","status":"publish","type":"page","link":"https:\/\/mindful-youth.al\/","title":{"rendered":"Kreu"},"content":{"rendered":"<p>[et_pb_section fb_built=&#8221;1&#8243; _builder_version=&#8221;4.24.0&#8243; _module_preset=&#8221;default&#8221; background_image=&#8221;https:\/\/mindful-youth.al\/wp-content\/uploads\/2025\/01\/121333.png&#8221; custom_margin=&#8221;-101px||||false|false&#8221; custom_padding=&#8221;403px||403px||true|false&#8221; global_colors_info=&#8221;{}&#8221;][et_pb_row _builder_version=&#8221;4.24.0&#8243; _module_preset=&#8221;default&#8221; global_colors_info=&#8221;{}&#8221;][et_pb_column type=&#8221;4_4&#8243; _builder_version=&#8221;4.24.0&#8243; _module_preset=&#8221;default&#8221; global_colors_info=&#8221;{}&#8221;][\/et_pb_column][\/et_pb_row][\/et_pb_section][et_pb_section fb_built=&#8221;1&#8243; _builder_version=&#8221;4.24.0&#8243; _module_preset=&#8221;default&#8221; custom_padding=&#8221;0px||142px|||&#8221; global_colors_info=&#8221;{}&#8221;][et_pb_row column_structure=&#8221;1_3,1_3,1_3&#8243; use_custom_gutter=&#8221;on&#8221; gutter_width=&#8221;1&#8243; _builder_version=&#8221;4.24.0&#8243; _module_preset=&#8221;default&#8221; global_colors_info=&#8221;{}&#8221;][et_pb_column type=&#8221;1_3&#8243; _builder_version=&#8221;4.24.0&#8243; _module_preset=&#8221;default&#8221; global_colors_info=&#8221;{}&#8221;][et_pb_image src=&#8221;https:\/\/mindful-youth.al\/wp-content\/uploads\/2025\/01\/Asset-1Hello.png&#8221; title_text=&#8221;Asset 1Hello&#8221; _builder_version=&#8221;4.24.0&#8243; _module_preset=&#8221;default&#8221; width=&#8221;86%&#8221; module_alignment=&#8221;right&#8221; custom_margin=&#8221;||-1px|||&#8221; custom_padding=&#8221;22px|||||&#8221; global_colors_info=&#8221;{}&#8221;][\/et_pb_image][\/et_pb_column][et_pb_column type=&#8221;1_3&#8243; _builder_version=&#8221;4.24.0&#8243; _module_preset=&#8221;default&#8221; global_colors_info=&#8221;{}&#8221;][et_pb_image src=&#8221;https:\/\/mindful-youth.al\/wp-content\/uploads\/2025\/01\/logo-be-the-change-01.png&#8221; title_text=&#8221;logo-be-the-change-01&#8243; align=&#8221;center&#8221; _builder_version=&#8221;4.24.0&#8243; _module_preset=&#8221;default&#8221; width=&#8221;52%&#8221; global_colors_info=&#8221;{}&#8221;][\/et_pb_image][\/et_pb_column][et_pb_column type=&#8221;1_3&#8243; _builder_version=&#8221;4.24.0&#8243; _module_preset=&#8221;default&#8221; global_colors_info=&#8221;{}&#8221;][et_pb_image src=&#8221;https:\/\/mindful-youth.al\/wp-content\/uploads\/2025\/01\/Ministria-e-rinise-logo.jpg&#8221; title_text=&#8221;Ministria e rinise logo&#8221; _builder_version=&#8221;4.24.0&#8243; _module_preset=&#8221;default&#8221; width=&#8221;60%&#8221; global_colors_info=&#8221;{}&#8221;][\/et_pb_image][\/et_pb_column][\/et_pb_row][\/et_pb_section][et_pb_section fb_built=&#8221;1&#8243; _builder_version=&#8221;4.24.0&#8243; _module_preset=&#8221;default&#8221; background_color=&#8221;#fbc831&#8243; z_index=&#8221;-500&#8243; custom_margin=&#8221;||||false|false&#8221; global_colors_info=&#8221;{}&#8221;][et_pb_row _builder_version=&#8221;4.24.0&#8243; _module_preset=&#8221;default&#8221; global_colors_info=&#8221;{}&#8221;][et_pb_column type=&#8221;4_4&#8243; _builder_version=&#8221;4.24.0&#8243; _module_preset=&#8221;default&#8221; global_colors_info=&#8221;{}&#8221;][et_pb_text _builder_version=&#8221;4.24.0&#8243; _module_preset=&#8221;default&#8221; text_font=&#8221;Montserrat||||||||&#8221; text_text_color=&#8221;gcid-eba182a1-8786-493d-a0ad-84e443249038&#8243; header_font=&#8221;Montserrat||||||||&#8221; global_colors_info=&#8221;{%22gcid-eba182a1-8786-493d-a0ad-84e443249038%22:%91%22text_text_color%22%93}&#8221;]<\/p>\n<p>Platforma Mindful_Youth.al u realizua nga Qendra Be the Change n\u00eb kuad\u00ebr t\u00eb projektit \u201cSh\u00ebndeti Mendor n\u00eb Epok\u00ebn Digjitale\u201d, me mb\u00ebshtetjen financiare t\u00eb Agjencis\u00eb Komb\u00ebtare t\u00eb Rinis\u00eb, (AKR) dhe Ministrit t\u00eb Shtetit p\u00ebr Rinin\u00eb dhe F\u00ebmij\u00ebt, (MSHRF). Mendimet dhe opinionet e shprehura n\u00eb t\u00eb i p\u00ebrkasin autor\u00ebve dhe nuk p\u00ebrkojn\u00eb domosdoshm\u00ebrisht me q\u00ebndrimet e AKR-s\u00eb dhe MSHRF-s\u00eb.<\/p>\n<p>[\/et_pb_text][\/et_pb_column][\/et_pb_row][\/et_pb_section][et_pb_section fb_built=&#8221;1&#8243; _builder_version=&#8221;4.24.0&#8243; _module_preset=&#8221;default&#8221; background_color=&#8221;#f9f9f9&#8243; custom_padding=&#8221;72px||72px||true|&#8221; global_colors_info=&#8221;{}&#8221;][et_pb_row column_structure=&#8221;1_2,1_2&#8243; _builder_version=&#8221;4.24.0&#8243; _module_preset=&#8221;default&#8221; global_colors_info=&#8221;{}&#8221;][et_pb_column type=&#8221;1_2&#8243; _builder_version=&#8221;4.24.0&#8243; _module_preset=&#8221;default&#8221; global_colors_info=&#8221;{}&#8221;][dipi_text_highlighter text_highlighter_prefix=&#8221;Rreth&#8221; text_highlighter_text=&#8221;Projektit&#8221; stroke_color=&#8221;gcid-ec2cac3a-9ee2-4ae8-bc30-2ea06588030f&#8221; _builder_version=&#8221;4.24.0&#8243; _module_preset=&#8221;default&#8221; all_text_font=&#8221;Montserrat|700|||||||&#8221; all_text_text_color=&#8221;gcid-eba182a1-8786-493d-a0ad-84e443249038&#8243; all_text_font_size=&#8221;42px&#8221; global_colors_info=&#8221;{%22gcid-eba182a1-8786-493d-a0ad-84e443249038%22:%91%22all_text_text_color%22%93,%22gcid-ec2cac3a-9ee2-4ae8-bc30-2ea06588030f%22:%91%22stroke_color%22%93}&#8221;][\/dipi_text_highlighter][\/et_pb_column][et_pb_column type=&#8221;1_2&#8243; _builder_version=&#8221;4.24.0&#8243; _module_preset=&#8221;default&#8221; global_colors_info=&#8221;{}&#8221;][\/et_pb_column][\/et_pb_row][et_pb_row _builder_version=&#8221;4.24.0&#8243; _module_preset=&#8221;default&#8221; global_colors_info=&#8221;{}&#8221;][et_pb_column type=&#8221;4_4&#8243; _builder_version=&#8221;4.24.0&#8243; _module_preset=&#8221;default&#8221; global_colors_info=&#8221;{}&#8221;][et_pb_text _builder_version=&#8221;4.24.0&#8243; _module_preset=&#8221;default&#8221; text_font=&#8221;Montserrat||||||||&#8221; text_text_color=&#8221;#000000&#8243; global_colors_info=&#8221;{}&#8221;]<\/p>\n<p><strong>Mindful_Youth.al<\/strong> \u00ebsht\u00eb nj\u00eb platform\u00eb inovative dhe edukative e krijuar p\u00ebr t\u00eb mb\u00ebshtetur t\u00eb rinjt\u00eb n\u00eb p\u00ebrballimin e sfidave t\u00eb sh\u00ebndetit mendor n\u00eb epok\u00ebn dixhitale. Kjo platform\u00eb \u00ebsht\u00eb ideuar si nj\u00eb burim i pasur informacioni dhe frym\u00ebzimi duke ofruar p\u00ebrmbajtje t\u00eb larmishme, duke p\u00ebrfshir\u00eb:<\/p>\n<p>[\/et_pb_text][\/et_pb_column][\/et_pb_row][et_pb_row column_structure=&#8221;1_4,1_4,1_4,1_4&#8243; _builder_version=&#8221;4.24.0&#8243; _module_preset=&#8221;default&#8221; global_colors_info=&#8221;{}&#8221;][et_pb_column type=&#8221;1_4&#8243; _builder_version=&#8221;4.24.0&#8243; _module_preset=&#8221;default&#8221; global_colors_info=&#8221;{}&#8221;][et_pb_blurb use_icon=&#8221;on&#8221; font_icon=&#8221;&#xf1ea;||fa||400&#8243; icon_color=&#8221;gcid-eba182a1-8786-493d-a0ad-84e443249038&#8243; image_icon_width=&#8221;72px&#8221; _builder_version=&#8221;4.24.0&#8243; _module_preset=&#8221;default&#8221; body_font=&#8221;Montserrat||||||||&#8221; body_text_color=&#8221;#000000&#8243; global_colors_info=&#8221;{%22gcid-eba182a1-8786-493d-a0ad-84e443249038%22:%91%22icon_color%22%93}&#8221;]<\/p>\n<p style=\"text-align: center;\">Artikuj informues mbi ndikimin e teknologjis\u00eb n\u00eb mir\u00ebqenien mendore.<\/p>\n<p>[\/et_pb_blurb][\/et_pb_column][et_pb_column type=&#8221;1_4&#8243; _builder_version=&#8221;4.24.0&#8243; _module_preset=&#8221;default&#8221; global_colors_info=&#8221;{}&#8221;][et_pb_blurb use_icon=&#8221;on&#8221; font_icon=&#8221;&#xf008;||fa||900&#8243; icon_color=&#8221;gcid-eba182a1-8786-493d-a0ad-84e443249038&#8243; image_icon_width=&#8221;72px&#8221; _builder_version=&#8221;4.24.0&#8243; _module_preset=&#8221;default&#8221; header_font=&#8221;Montserrat||||||||&#8221; body_font=&#8221;Montserrat||||||||&#8221; body_text_color=&#8221;#000000&#8243; locked=&#8221;off&#8221; global_colors_info=&#8221;{%22gcid-eba182a1-8786-493d-a0ad-84e443249038%22:%91%22icon_color%22%93}&#8221;]<\/p>\n<p style=\"text-align: center;\">Video k\u00ebshilluese nga profesionist\u00eb t\u00eb sh\u00ebndetit mendor dhe ekspert\u00eb t\u00eb tjer\u00eb.<\/p>\n<p>[\/et_pb_blurb][\/et_pb_column][et_pb_column type=&#8221;1_4&#8243; _builder_version=&#8221;4.24.0&#8243; _module_preset=&#8221;default&#8221; global_colors_info=&#8221;{}&#8221;][et_pb_blurb use_icon=&#8221;on&#8221; font_icon=&#8221;&#x7c;||divi||400&#8243; icon_color=&#8221;gcid-eba182a1-8786-493d-a0ad-84e443249038&#8243; image_icon_background_color=&#8221;RGBA(255,255,255,0)&#8221; image_icon_width=&#8221;72px&#8221; _builder_version=&#8221;4.24.0&#8243; _module_preset=&#8221;default&#8221; body_font=&#8221;Montserrat||||||||&#8221; body_text_color=&#8221;#000000&#8243; locked=&#8221;off&#8221; global_colors_info=&#8221;{%22gcid-eba182a1-8786-493d-a0ad-84e443249038%22:%91%22icon_color%22%93}&#8221;]<\/p>\n<p style=\"text-align: center;\">D\u00ebshmi personale nga t\u00eb rinj q\u00eb kan\u00eb marr\u00eb pjes\u00eb n\u00eb aktivitetet e projektit.<\/p>\n<p>[\/et_pb_blurb][\/et_pb_column][et_pb_column type=&#8221;1_4&#8243; _builder_version=&#8221;4.24.0&#8243; _module_preset=&#8221;default&#8221; global_colors_info=&#8221;{}&#8221;][et_pb_blurb use_icon=&#8221;on&#8221; font_icon=&#8221;&#xf4ad;||fa||400&#8243; icon_color=&#8221;gcid-eba182a1-8786-493d-a0ad-84e443249038&#8243; image_icon_width=&#8221;72px&#8221; _builder_version=&#8221;4.24.0&#8243; _module_preset=&#8221;default&#8221; body_font=&#8221;Montserrat||||||||&#8221; body_text_color=&#8221;#000000&#8243; locked=&#8221;off&#8221; global_colors_info=&#8221;{%22gcid-eba182a1-8786-493d-a0ad-84e443249038%22:%91%22icon_color%22%93}&#8221;]<\/p>\n<p style=\"text-align: center;\">Mesazhe sensibilizuese nga t\u00eb rinjt\u00eb p\u00ebr t\u00eb rinjt\u00eb.<\/p>\n<p>[\/et_pb_blurb][\/et_pb_column][\/et_pb_row][\/et_pb_section][et_pb_section fb_built=&#8221;1&#8243; _builder_version=&#8221;4.24.0&#8243; _module_preset=&#8221;default&#8221; background_color=&#8221;#fbc831&#8243; locked=&#8221;off&#8221; global_colors_info=&#8221;{}&#8221;][et_pb_row _builder_version=&#8221;4.24.0&#8243; _module_preset=&#8221;default&#8221; global_colors_info=&#8221;{}&#8221;][et_pb_column type=&#8221;4_4&#8243; _builder_version=&#8221;4.24.0&#8243; _module_preset=&#8221;default&#8221; global_colors_info=&#8221;{}&#8221;][et_pb_text _builder_version=&#8221;4.24.0&#8243; _module_preset=&#8221;default&#8221; text_font=&#8221;Montserrat||||||||&#8221; text_text_color=&#8221;gcid-eba182a1-8786-493d-a0ad-84e443249038&#8243; global_colors_info=&#8221;{%22gcid-eba182a1-8786-493d-a0ad-84e443249038%22:%91%22text_text_color%22%93}&#8221;]<\/p>\n<p>Platforma Mindful_Youth.al u realizua nga Qendra Be the Change n\u00eb kuad\u00ebr t\u00eb projektit \u201cSh\u00ebndeti Mendor n\u00eb Epok\u00ebn Digjitale\u201d, me mb\u00ebshtetjen financiare t\u00eb Agjencis\u00eb Komb\u00ebtare t\u00eb Rinis\u00eb, (AKR) dhe Ministrit t\u00eb Shtetit p\u00ebr Rinin\u00eb dhe F\u00ebmij\u00ebt, (MSHRF). Mendimet dhe opinionet e shprehura n\u00eb t\u00eb i p\u00ebrkasin autor\u00ebve dhe nuk p\u00ebrkojn\u00eb domosdoshm\u00ebrisht me q\u00ebndrimet e AKR-s\u00eb dhe MSHRF-s\u00eb.<\/p>\n<p>[\/et_pb_text][\/et_pb_column][\/et_pb_row][\/et_pb_section]<\/p>\n","protected":false},"excerpt":{"rendered":"<p>Platforma Mindful_Youth.al u realizua nga Qendra Be the Change n\u00eb kuad\u00ebr t\u00eb projektit \u201cSh\u00ebndeti Mendor n\u00eb Epok\u00ebn Digjitale\u201d, me mb\u00ebshtetjen financiare t\u00eb Agjencis\u00eb Komb\u00ebtare t\u00eb Rinis\u00eb, (AKR) dhe Ministrit t\u00eb Shtetit p\u00ebr Rinin\u00eb dhe F\u00ebmij\u00ebt, (MSHRF). Mendimet dhe opinionet e shprehura n\u00eb t\u00eb i p\u00ebrkasin autor\u00ebve dhe nuk p\u00ebrkojn\u00eb domosdoshm\u00ebrisht me q\u00ebndrimet e AKR-s\u00eb dhe [&hellip;]<\/p>\n","protected":false},"author":1,"featured_media":0,"parent":0,"menu_order":0,"comment_status":"closed","ping_status":"closed","template":"","meta":{"_et_pb_use_builder":"on","_et_pb_old_content":"<!-- wp:divi\/placeholder \/-->","_et_gb_content_width":"","footnotes":""},"dipi_cpt_category":[],"class_list":["post-35","page","type-page","status-publish","hentry"],"_links":{"self":[{"href":"https:\/\/mindful-youth.al\/index.php?rest_route=\/wp\/v2\/pages\/35","targetHints":{"allow":["GET"]}}],"collection":[{"href":"https:\/\/mindful-youth.al\/index.php?rest_route=\/wp\/v2\/pages"}],"about":[{"href":"https:\/\/mindful-youth.al\/index.php?rest_route=\/wp\/v2\/types\/page"}],"author":[{"embeddable":true,"href":"https:\/\/mindful-youth.al\/index.php?rest_route=\/wp\/v2\/users\/1"}],"replies":[{"embeddable":true,"href":"https:\/\/mindful-youth.al\/index.php?rest_route=%2Fwp%2Fv2%2Fcomments&post=35"}],"version-history":[{"count":20,"href":"https:\/\/mindful-youth.al\/index.php?rest_route=\/wp\/v2\/pages\/35\/revisions"}],"predecessor-version":[{"id":206,"href":"https:\/\/mindful-youth.al\/index.php?rest_route=\/wp\/v2\/pages\/35\/revisions\/206"}],"wp:attachment":[{"href":"https:\/\/mindful-youth.al\/index.php?rest_route=%2Fwp%2Fv2%2Fmedia&parent=35"}],"wp:term":[{"taxonomy":"dipi_cpt_category","embeddable":true,"href":"https:\/\/mindful-youth.al\/index.php?rest_route=%2Fwp%2Fv2%2Fdipi_cpt_category&post=35"}],"curies":[{"name":"wp","href":"https:\/\/api.w.org\/{rel}","templated":true}]}}