{"id":25,"date":"2025-01-16T13:18:11","date_gmt":"2025-01-16T13:18:11","guid":{"rendered":"https:\/\/mindful-youth.al\/?page_id=25"},"modified":"2025-05-12T14:09:44","modified_gmt":"2025-05-12T14:09:44","slug":"manuali-informues","status":"publish","type":"page","link":"https:\/\/mindful-youth.al\/?page_id=25","title":{"rendered":"Manuali Informues"},"content":{"rendered":"<p>[et_pb_section fb_built=&#8221;1&#8243; disabled_on=&#8221;on|off|off&#8221; _builder_version=&#8221;4.24.0&#8243; _module_preset=&#8221;default&#8221; background_color=&#8221;gcid-eba182a1-8786-493d-a0ad-84e443249038&#8243; locked=&#8221;off&#8221; global_colors_info=&#8221;{%22gcid-eba182a1-8786-493d-a0ad-84e443249038%22:%91%22background_color%22%93}&#8221;][et_pb_row column_structure=&#8221;1_2,1_2&#8243; _builder_version=&#8221;4.24.0&#8243; _module_preset=&#8221;default&#8221; global_colors_info=&#8221;{}&#8221;][et_pb_column type=&#8221;1_2&#8243; _builder_version=&#8221;4.24.0&#8243; _module_preset=&#8221;default&#8221; global_colors_info=&#8221;{}&#8221;][et_pb_text _builder_version=&#8221;4.24.0&#8243; _module_preset=&#8221;default&#8221; text_font=&#8221;Montserrat|700||on|||||&#8221; text_text_color=&#8221;#FFFFFF&#8221; text_font_size=&#8221;60px&#8221; text_line_height=&#8221;1em&#8221; global_colors_info=&#8221;{}&#8221;]<\/p>\n<p>manuali informues<\/p>\n<p>[\/et_pb_text][\/et_pb_column][et_pb_column type=&#8221;1_2&#8243; _builder_version=&#8221;4.24.0&#8243; _module_preset=&#8221;default&#8221; global_colors_info=&#8221;{}&#8221;][\/et_pb_column][\/et_pb_row][\/et_pb_section][et_pb_section fb_built=&#8221;1&#8243; disabled_on=&#8221;off|off|on&#8221; _builder_version=&#8221;4.24.0&#8243; _module_preset=&#8221;default&#8221; background_color=&#8221;gcid-eba182a1-8786-493d-a0ad-84e443249038&#8243; locked=&#8221;off&#8221; global_colors_info=&#8221;{%22gcid-eba182a1-8786-493d-a0ad-84e443249038%22:%91%22background_color%22%93}&#8221;][et_pb_row _builder_version=&#8221;4.24.0&#8243; _module_preset=&#8221;default&#8221; global_colors_info=&#8221;{}&#8221;][et_pb_column type=&#8221;4_4&#8243; _builder_version=&#8221;4.24.0&#8243; _module_preset=&#8221;default&#8221; global_colors_info=&#8221;{}&#8221;][et_pb_text _builder_version=&#8221;4.24.0&#8243; _module_preset=&#8221;default&#8221; text_font=&#8221;Montserrat|700||on|||||&#8221; text_text_color=&#8221;#FFFFFF&#8221; text_font_size=&#8221;44px&#8221; text_line_height=&#8221;1em&#8221; global_colors_info=&#8221;{}&#8221;]<\/p>\n<p>manuali informues<\/p>\n<p>[\/et_pb_text][\/et_pb_column][\/et_pb_row][\/et_pb_section][et_pb_section fb_built=&#8221;1&#8243; disabled_on=&#8221;on|off|off&#8221; _builder_version=&#8221;4.24.0&#8243; _module_preset=&#8221;default&#8221; custom_padding=&#8221;138px||116px|||&#8221; global_colors_info=&#8221;{}&#8221;][et_pb_row column_structure=&#8221;3_5,2_5&#8243; _builder_version=&#8221;4.24.0&#8243; _module_preset=&#8221;default&#8221; custom_padding=&#8221;||17px|||&#8221; locked=&#8221;off&#8221; global_colors_info=&#8221;{}&#8221;][et_pb_column type=&#8221;3_5&#8243; _builder_version=&#8221;4.24.0&#8243; _module_preset=&#8221;default&#8221; global_colors_info=&#8221;{}&#8221;][et_pb_image src=&#8221;https:\/\/mindful-youth.al\/wp-content\/uploads\/2025\/05\/manuali.png&#8221; title_text=&#8221;manuali&#8221; _builder_version=&#8221;4.24.0&#8243; _module_preset=&#8221;default&#8221; custom_margin=&#8221;|||-228px||&#8221; global_colors_info=&#8221;{}&#8221;][\/et_pb_image][\/et_pb_column][et_pb_column type=&#8221;2_5&#8243; _builder_version=&#8221;4.24.0&#8243; _module_preset=&#8221;default&#8221; global_colors_info=&#8221;{}&#8221;][et_pb_text _builder_version=&#8221;4.24.0&#8243; _module_preset=&#8221;default&#8221; text_font=&#8221;Montserrat|300|||||||&#8221; text_text_color=&#8221;#000000&#8243; text_font_size=&#8221;18px&#8221; custom_margin=&#8221;5px|-87px|53px||false|false&#8221; locked=&#8221;off&#8221; global_colors_info=&#8221;{}&#8221;]<\/p>\n<p><strong>\u201cN\u00cb LINJ\u00cb ME VETEN\u201d,<\/strong> manuali q\u00eb ndihmon t\u00eb rinjt\u00eb t\u00eb kuptojn\u00eb dhe mbrojn\u00eb sh\u00ebndetin e tyre mendor n\u00eb bot\u00ebn digjitale.<\/p>\n<p>Ky manual informues dhe praktik i vjen n\u00eb ndihm\u00eb t\u00eb rinjve me njohuri t\u00eb qarta, k\u00ebshilla t\u00eb zbatueshme dhe strategji konkrete p\u00ebr t\u00eb ruajtur ekuilibrin mendor p\u00ebrball\u00eb sfidave q\u00eb sjell teknologjia. P\u00ebrmes gjuh\u00ebs s\u00eb thjesht\u00eb, ilustrimeve t\u00eb jet\u00ebs reale dhe shembujve t\u00eb p\u00ebrditsh\u00ebm, manuali u m\u00ebson t\u00eb rinjve si t\u00eb njohin shenjat e nj\u00eb gjendjeje t\u00eb paq\u00ebndrueshme emocionale dhe si t\u00eb nd\u00ebrtojn\u00eb zakone m\u00eb t\u00eb sh\u00ebndetshme digjitale.<\/p>\n<p>Ai \u00ebsht\u00eb nj\u00eb udh\u00ebrr\u00ebfyes p\u00ebr vet\u00ebdije, reflektim dhe veprim \u2013 p\u00ebr ata q\u00eb duan t\u00eb jen\u00eb m\u00eb t\u00eb lidhur me veten, jo vet\u00ebm me bot\u00ebn online.<\/p>\n<p><strong>Manuali informues \u201cN\u00eb linj\u00eb me veten\u201d <\/strong>u realizua nga Qendra Be the Change n\u00eb kuad\u00ebr t\u00eb projektit \u201cSh\u00ebndeti Mendor n\u00eb Epok\u00ebn Digjitale\u201d, me mb\u00ebshtetjen financiare t\u00eb Agjencis\u00eb Komb\u00ebtare t\u00eb Rinis\u00eb, (AKR) dhe Ministrit t\u00eb Shtetit p\u00ebr Rinin\u00eb dhe F\u00ebmij\u00ebt, (MSHRF). Mendimet dhe opinionet e shprehura n\u00eb t\u00eb i p\u00ebrkasin autor\u00ebve dhe nuk p\u00ebrkojn\u00eb domosdoshm\u00ebrisht me q\u00ebndrimet e AKR-s\u00eb dhe MSHRF-s\u00eb.<\/p>\n<p>[\/et_pb_text][et_pb_button button_url=&#8221;https:\/\/mindful-youth.al\/wp-content\/uploads\/2025\/05\/Shendeti-Mendor-Manuali.pdf&#8221; button_text=&#8221;Shkarko Manualin&#8221; _builder_version=&#8221;4.24.0&#8243; _module_preset=&#8221;default&#8221; custom_button=&#8221;on&#8221; button_text_size=&#8221;18px&#8221; button_text_color=&#8221;#4e3b97&#8243; locked=&#8221;off&#8221; global_colors_info=&#8221;{}&#8221;][\/et_pb_button][\/et_pb_column][\/et_pb_row][\/et_pb_section][et_pb_section fb_built=&#8221;1&#8243; disabled_on=&#8221;off|off|on&#8221; _builder_version=&#8221;4.24.0&#8243; _module_preset=&#8221;default&#8221; custom_padding=&#8221;84px|||||&#8221; global_colors_info=&#8221;{}&#8221;][et_pb_row column_structure=&#8221;1_2,1_2&#8243; _builder_version=&#8221;4.24.0&#8243; _module_preset=&#8221;default&#8221; custom_padding=&#8221;||17px|||&#8221; locked=&#8221;off&#8221; global_colors_info=&#8221;{}&#8221;][et_pb_column type=&#8221;1_2&#8243; _builder_version=&#8221;4.24.0&#8243; _module_preset=&#8221;default&#8221; global_colors_info=&#8221;{}&#8221;][et_pb_image src=&#8221;https:\/\/mindful-youth.al\/wp-content\/uploads\/2025\/05\/manuali.png&#8221; _builder_version=&#8221;4.24.0&#8243; _module_preset=&#8221;default&#8221; title_text=&#8221;manuali&#8221; hover_enabled=&#8221;0&#8243; sticky_enabled=&#8221;0&#8243; custom_margin=&#8221;|-31px||-17px||&#8221;][\/et_pb_image][\/et_pb_column][et_pb_column type=&#8221;1_2&#8243; _builder_version=&#8221;4.24.0&#8243; _module_preset=&#8221;default&#8221; global_colors_info=&#8221;{}&#8221;][et_pb_text _builder_version=&#8221;4.24.0&#8243; _module_preset=&#8221;default&#8221; text_font=&#8221;Montserrat|300|||||||&#8221; text_text_color=&#8221;#000000&#8243; text_font_size=&#8221;18px&#8221; custom_margin=&#8221;22px|0px|53px||false|false&#8221; locked=&#8221;off&#8221; global_colors_info=&#8221;{}&#8221;]<\/p>\n<p><strong>\u201cN\u00cb LINJ\u00cb ME VETEN\u201d,<\/strong> manuali q\u00eb ndihmon t\u00eb rinjt\u00eb t\u00eb kuptojn\u00eb dhe mbrojn\u00eb sh\u00ebndetin e tyre mendor n\u00eb bot\u00ebn digjitale<\/p>\n<p>Ky manual informues dhe praktik i vjen n\u00eb ndihm\u00eb t\u00eb rinjve me njohuri t\u00eb qarta, k\u00ebshilla t\u00eb zbatueshme dhe strategji konkrete p\u00ebr t\u00eb ruajtur ekuilibrin mendor p\u00ebrball\u00eb sfidave q\u00eb sjell teknologjia. P\u00ebrmes gjuh\u00ebs s\u00eb thjesht\u00eb, ilustrimeve t\u00eb jet\u00ebs reale dhe shembujve t\u00eb p\u00ebrditsh\u00ebm, manuali u m\u00ebson t\u00eb rinjve si t\u00eb njohin shenjat e nj\u00eb gjendjeje t\u00eb paq\u00ebndrueshme emocionale dhe si t\u00eb nd\u00ebrtojn\u00eb zakone m\u00eb t\u00eb sh\u00ebndetshme digjitale.<\/p>\n<p>Ai \u00ebsht\u00eb nj\u00eb udh\u00ebrr\u00ebfyes p\u00ebr vet\u00ebdije, reflektim dhe veprim \u2013 p\u00ebr ata q\u00eb duan t\u00eb jen\u00eb m\u00eb t\u00eb lidhur me veten, jo vet\u00ebm me bot\u00ebn online.<\/p>\n<p><strong>Manuali informues \u201cN\u00eb linj\u00eb me veten\u201d <\/strong>u realizua nga Qendra Be the Change n\u00eb kuad\u00ebr t\u00eb projektit \u201cSh\u00ebndeti Mendor n\u00eb Epok\u00ebn Digjitale\u201d, me mb\u00ebshtetjen financiare t\u00eb Agjencis\u00eb Komb\u00ebtare t\u00eb Rinis\u00eb, (AKR) dhe Ministrit t\u00eb Shtetit p\u00ebr Rinin\u00eb dhe F\u00ebmij\u00ebt, (MSHRF). Mendimet dhe opinionet e shprehura n\u00eb t\u00eb i p\u00ebrkasin autor\u00ebve dhe nuk p\u00ebrkojn\u00eb domosdoshm\u00ebrisht me q\u00ebndrimet e AKR-s\u00eb dhe MSHRF-s\u00eb.<\/p>\n<p>[\/et_pb_text][et_pb_button button_url=&#8221;https:\/\/mindful-youth.al\/wp-content\/uploads\/2025\/05\/Shendeti-Mendor-Manuali.pdf&#8221; button_text=&#8221;Shkarko Manualin&#8221; _builder_version=&#8221;4.24.0&#8243; _module_preset=&#8221;default&#8221; custom_button=&#8221;on&#8221; button_text_size=&#8221;18px&#8221; button_text_color=&#8221;#4e3b97&#8243; locked=&#8221;off&#8221; global_colors_info=&#8221;{}&#8221;][\/et_pb_button][\/et_pb_column][\/et_pb_row][\/et_pb_section]<\/p>\n","protected":false},"excerpt":{"rendered":"<p>manuali informuesmanuali informues\u201cN\u00cb LINJ\u00cb ME VETEN\u201d, manuali q\u00eb ndihmon t\u00eb rinjt\u00eb t\u00eb kuptojn\u00eb dhe mbrojn\u00eb sh\u00ebndetin e tyre mendor n\u00eb bot\u00ebn digjitale. Ky manual informues dhe praktik i vjen n\u00eb ndihm\u00eb t\u00eb rinjve me njohuri t\u00eb qarta, k\u00ebshilla t\u00eb zbatueshme dhe strategji konkrete p\u00ebr t\u00eb ruajtur ekuilibrin mendor p\u00ebrball\u00eb sfidave q\u00eb sjell teknologjia. P\u00ebrmes gjuh\u00ebs [&hellip;]<\/p>\n","protected":false},"author":1,"featured_media":0,"parent":0,"menu_order":0,"comment_status":"closed","ping_status":"closed","template":"","meta":{"_et_pb_use_builder":"on","_et_pb_old_content":"<!-- wp:divi\/placeholder \/-->","_et_gb_content_width":"","footnotes":""},"dipi_cpt_category":[],"class_list":["post-25","page","type-page","status-publish","hentry"],"_links":{"self":[{"href":"https:\/\/mindful-youth.al\/index.php?rest_route=\/wp\/v2\/pages\/25","targetHints":{"allow":["GET"]}}],"collection":[{"href":"https:\/\/mindful-youth.al\/index.php?rest_route=\/wp\/v2\/pages"}],"about":[{"href":"https:\/\/mindful-youth.al\/index.php?rest_route=\/wp\/v2\/types\/page"}],"author":[{"embeddable":true,"href":"https:\/\/mindful-youth.al\/index.php?rest_route=\/wp\/v2\/users\/1"}],"replies":[{"embeddable":true,"href":"https:\/\/mindful-youth.al\/index.php?rest_route=%2Fwp%2Fv2%2Fcomments&post=25"}],"version-history":[{"count":20,"href":"https:\/\/mindful-youth.al\/index.php?rest_route=\/wp\/v2\/pages\/25\/revisions"}],"predecessor-version":[{"id":425,"href":"https:\/\/mindful-youth.al\/index.php?rest_route=\/wp\/v2\/pages\/25\/revisions\/425"}],"wp:attachment":[{"href":"https:\/\/mindful-youth.al\/index.php?rest_route=%2Fwp%2Fv2%2Fmedia&parent=25"}],"wp:term":[{"taxonomy":"dipi_cpt_category","embeddable":true,"href":"https:\/\/mindful-youth.al\/index.php?rest_route=%2Fwp%2Fv2%2Fdipi_cpt_category&post=25"}],"curies":[{"name":"wp","href":"https:\/\/api.w.org\/{rel}","templated":true}]}}