{"id":185,"date":"2025-04-08T10:35:53","date_gmt":"2025-04-08T10:35:53","guid":{"rendered":"https:\/\/mindful-youth.al\/?page_id=185"},"modified":"2025-04-09T12:49:44","modified_gmt":"2025-04-09T12:49:44","slug":"aktivitet-rekreativ-durres","status":"publish","type":"page","link":"https:\/\/mindful-youth.al\/?page_id=185","title":{"rendered":"Aktivitet Rekreativ Durr\u00ebs"},"content":{"rendered":"<p>[et_pb_section fb_built=&#8221;1&#8243; _builder_version=&#8221;4.24.0&#8243; _module_preset=&#8221;default&#8221; background_color=&#8221;gcid-eba182a1-8786-493d-a0ad-84e443249038&#8243; locked=&#8221;off&#8221; global_colors_info=&#8221;{%22gcid-eba182a1-8786-493d-a0ad-84e443249038%22:%91%22background_color%22%93}&#8221; disabled_on=&#8221;on|off|off&#8221;][et_pb_row _builder_version=&#8221;4.24.0&#8243; _module_preset=&#8221;default&#8221; global_colors_info=&#8221;{}&#8221;][et_pb_column type=&#8221;4_4&#8243; _builder_version=&#8221;4.24.0&#8243; _module_preset=&#8221;default&#8221; global_colors_info=&#8221;{}&#8221;][et_pb_text _builder_version=&#8221;4.24.0&#8243; _module_preset=&#8221;default&#8221; text_font=&#8221;Montserrat|700||on|||||&#8221; text_text_color=&#8221;#FFFFFF&#8221; text_font_size=&#8221;47px&#8221; text_line_height=&#8221;0.1em&#8221; global_colors_info=&#8221;{}&#8221;]<\/p>\n<p><strong>Aktiviteti \u00a0\u201cNgjyra OFF-line\u201d <\/strong><\/p>\n<p><strong>n\u00eb Durr\u00ebs<\/strong><\/p>\n<p>[\/et_pb_text][\/et_pb_column][\/et_pb_row][\/et_pb_section][et_pb_section fb_built=&#8221;1&#8243; _builder_version=&#8221;4.24.0&#8243; _module_preset=&#8221;default&#8221; background_color=&#8221;gcid-eba182a1-8786-493d-a0ad-84e443249038&#8243; locked=&#8221;off&#8221; global_colors_info=&#8221;{%22gcid-eba182a1-8786-493d-a0ad-84e443249038%22:%91%22background_color%22%93}&#8221; disabled_on=&#8221;off|off|on&#8221;][et_pb_row _builder_version=&#8221;4.24.0&#8243; _module_preset=&#8221;default&#8221; hover_enabled=&#8221;0&#8243; global_colors_info=&#8221;{}&#8221; sticky_enabled=&#8221;0&#8243;][et_pb_column type=&#8221;4_4&#8243; _builder_version=&#8221;4.24.0&#8243; _module_preset=&#8221;default&#8221; global_colors_info=&#8221;{}&#8221;][et_pb_text _builder_version=&#8221;4.24.0&#8243; _module_preset=&#8221;default&#8221; text_font=&#8221;Montserrat|700||on|||||&#8221; text_text_color=&#8221;#FFFFFF&#8221; text_font_size=&#8221;32px&#8221; text_line_height=&#8221;1.1em&#8221; hover_enabled=&#8221;0&#8243; global_colors_info=&#8221;{}&#8221; sticky_enabled=&#8221;0&#8243;]<\/p>\n<p><strong>Aktiviteti \u201cNgjyra OFF-line\u201d <\/strong><strong>n\u00eb Durr\u00ebs<\/strong><\/p>\n<p>[\/et_pb_text][\/et_pb_column][\/et_pb_row][\/et_pb_section][et_pb_section fb_built=&#8221;1&#8243; _builder_version=&#8221;4.24.0&#8243; _module_preset=&#8221;default&#8221; custom_padding=&#8221;73px|||||&#8221; global_colors_info=&#8221;{}&#8221; disabled_on=&#8221;on|off|off&#8221;][et_pb_row _builder_version=&#8221;4.24.0&#8243; _module_preset=&#8221;default&#8221; custom_padding=&#8221;||2px|||&#8221; locked=&#8221;off&#8221; global_colors_info=&#8221;{}&#8221;][et_pb_column type=&#8221;4_4&#8243; _builder_version=&#8221;4.24.0&#8243; _module_preset=&#8221;default&#8221; global_colors_info=&#8221;{}&#8221;][et_pb_text _builder_version=&#8221;4.24.0&#8243; _module_preset=&#8221;default&#8221; text_font=&#8221;Montserrat|300|||||||&#8221; text_text_color=&#8221;#000000&#8243; text_font_size=&#8221;18px&#8221; custom_margin=&#8221;-33px||64px||false|false&#8221; locked=&#8221;off&#8221; global_colors_info=&#8221;{}&#8221;]<\/p>\n<p>N\u00ebn drejtimin e <strong>Evis Kokalarit<\/strong>, dizajnere dhe ilustratore, t\u00eb rinjt\u00eb e Durr\u00ebsit u zhyt\u00ebn n\u00eb nj\u00eb p\u00ebrvoj\u00eb t\u00eb thell\u00eb krijuese p\u00ebrmes artit.<\/p>\n<p>Ky aktivitet sh\u00ebrbeu si nj\u00eb m\u00ebnyr\u00eb alternative p\u00ebr t\u00eb shprehur mendimet dhe emocionet, duke z\u00ebvend\u00ebsuar ekranet me ngjyra, telajo dhe imagjinat\u00eb.<\/p>\n<p>T\u00eb rinjt\u00eb u inkurajuan t\u00eb eksploronin brend\u00ebsin\u00eb e tyre dhe t\u00eb sublimonin ndjesit\u00eb p\u00ebrmes piktur\u00ebs, duke krijuar vepra unike q\u00eb pasqyronin perspektivat e tyre personale.<\/p>\n<p><strong>Art-terapia<\/strong> n\u00eb k\u00ebt\u00eb form\u00eb ndihmoi n\u00eb p\u00ebrpunimin emocional dhe rriti ndjesin\u00eb e p\u00ebrfshirjes, vet\u00ebbesimit dhe qet\u00ebsis\u00eb mendore.<\/p>\n<p>[\/et_pb_text][et_pb_slider _builder_version=&#8221;4.24.0&#8243; _module_preset=&#8221;default&#8221; custom_padding=&#8221;||631px|||&#8221; global_colors_info=&#8221;{}&#8221;][et_pb_slide _builder_version=&#8221;4.24.0&#8243; _module_preset=&#8221;default&#8221; background_enable_color=&#8221;off&#8221; background_image=&#8221;https:\/\/mindful-youth.al\/wp-content\/uploads\/2025\/04\/3bf2c002-3250-4c39-bd4d-463fa4725629-1.jpg&#8221; background_enable_image=&#8221;on&#8221; global_colors_info=&#8221;{}&#8221; sticky_transition=&#8221;on&#8221;][\/et_pb_slide][et_pb_slide _builder_version=&#8221;4.24.0&#8243; _module_preset=&#8221;default&#8221; background_enable_color=&#8221;off&#8221; background_image=&#8221;https:\/\/mindful-youth.al\/wp-content\/uploads\/2025\/04\/0d78b714-e4f2-4d4e-a43e-369bc99424cd.jpg&#8221; background_enable_image=&#8221;on&#8221; global_colors_info=&#8221;{}&#8221; sticky_transition=&#8221;on&#8221;][\/et_pb_slide][et_pb_slide _builder_version=&#8221;4.24.0&#8243; _module_preset=&#8221;default&#8221; background_enable_color=&#8221;off&#8221; background_image=&#8221;https:\/\/mindful-youth.al\/wp-content\/uploads\/2025\/04\/8b1ab11f-5f16-4b63-8f37-126223d0aa1a.jpg&#8221; background_enable_image=&#8221;on&#8221; global_colors_info=&#8221;{}&#8221; sticky_transition=&#8221;on&#8221;][\/et_pb_slide][\/et_pb_slider][\/et_pb_column][\/et_pb_row][\/et_pb_section][et_pb_section fb_built=&#8221;1&#8243; _builder_version=&#8221;4.24.0&#8243; _module_preset=&#8221;default&#8221; custom_padding=&#8221;73px|||||&#8221; global_colors_info=&#8221;{}&#8221; disabled_on=&#8221;off|off|on&#8221;][et_pb_row _builder_version=&#8221;4.24.0&#8243; _module_preset=&#8221;default&#8221; custom_padding=&#8221;||2px|||&#8221; locked=&#8221;off&#8221; global_colors_info=&#8221;{}&#8221;][et_pb_column type=&#8221;4_4&#8243; _builder_version=&#8221;4.24.0&#8243; _module_preset=&#8221;default&#8221; global_colors_info=&#8221;{}&#8221;][et_pb_text _builder_version=&#8221;4.24.0&#8243; _module_preset=&#8221;default&#8221; text_font=&#8221;Montserrat|300|||||||&#8221; text_text_color=&#8221;#000000&#8243; text_font_size=&#8221;18px&#8221; custom_margin=&#8221;-33px||55px||false|false&#8221; locked=&#8221;off&#8221; global_colors_info=&#8221;{}&#8221;]<\/p>\n<p>N\u00ebn drejtimin e <strong>Evis Kokalarit<\/strong>, dizajnere dhe ilustratore, t\u00eb rinjt\u00eb e Durr\u00ebsit u zhyt\u00ebn n\u00eb nj\u00eb p\u00ebrvoj\u00eb t\u00eb thell\u00eb krijuese p\u00ebrmes artit.<\/p>\n<p>Ky aktivitet sh\u00ebrbeu si nj\u00eb m\u00ebnyr\u00eb alternative p\u00ebr t\u00eb shprehur mendimet dhe emocionet, duke z\u00ebvend\u00ebsuar ekranet me ngjyra, telajo dhe imagjinat\u00eb.<\/p>\n<p>T\u00eb rinjt\u00eb u inkurajuan t\u00eb eksploronin brend\u00ebsin\u00eb e tyre dhe t\u00eb sublimonin ndjesit\u00eb p\u00ebrmes piktur\u00ebs, duke krijuar vepra unike q\u00eb pasqyronin perspektivat e tyre personale.<\/p>\n<p><strong>Art-terapia<\/strong> n\u00eb k\u00ebt\u00eb form\u00eb ndihmoi n\u00eb p\u00ebrpunimin emocional dhe rriti ndjesin\u00eb e p\u00ebrfshirjes, vet\u00ebbesimit dhe qet\u00ebsis\u00eb mendore.<\/p>\n<p>[\/et_pb_text][et_pb_slider _builder_version=&#8221;4.24.0&#8243; _module_preset=&#8221;default&#8221; custom_padding=&#8221;||292px|||&#8221; global_colors_info=&#8221;{}&#8221;][et_pb_slide _builder_version=&#8221;4.24.0&#8243; _module_preset=&#8221;default&#8221; background_enable_color=&#8221;off&#8221; background_image=&#8221;https:\/\/mindful-youth.al\/wp-content\/uploads\/2025\/04\/3bf2c002-3250-4c39-bd4d-463fa4725629-1.jpg&#8221; background_enable_image=&#8221;on&#8221; global_colors_info=&#8221;{}&#8221; sticky_transition=&#8221;on&#8221;][\/et_pb_slide][et_pb_slide _builder_version=&#8221;4.24.0&#8243; _module_preset=&#8221;default&#8221; background_enable_color=&#8221;off&#8221; background_image=&#8221;https:\/\/mindful-youth.al\/wp-content\/uploads\/2025\/04\/0d78b714-e4f2-4d4e-a43e-369bc99424cd.jpg&#8221; background_enable_image=&#8221;on&#8221; global_colors_info=&#8221;{}&#8221; sticky_transition=&#8221;on&#8221;][\/et_pb_slide][et_pb_slide _builder_version=&#8221;4.24.0&#8243; _module_preset=&#8221;default&#8221; background_enable_color=&#8221;off&#8221; background_image=&#8221;https:\/\/mindful-youth.al\/wp-content\/uploads\/2025\/04\/8b1ab11f-5f16-4b63-8f37-126223d0aa1a.jpg&#8221; background_enable_image=&#8221;on&#8221; global_colors_info=&#8221;{}&#8221; sticky_transition=&#8221;on&#8221;][\/et_pb_slide][\/et_pb_slider][\/et_pb_column][\/et_pb_row][\/et_pb_section][et_pb_section fb_built=&#8221;1&#8243; _builder_version=&#8221;4.24.0&#8243; _module_preset=&#8221;default&#8221; background_color=&#8221;#fbc831&#8243; custom_margin=&#8221;9px|||||&#8221; custom_padding=&#8221;41px||0px|||&#8221; locked=&#8221;off&#8221; global_colors_info=&#8221;{}&#8221;][et_pb_row _builder_version=&#8221;4.24.0&#8243; _module_preset=&#8221;default&#8221; global_colors_info=&#8221;{}&#8221;][et_pb_column type=&#8221;4_4&#8243; _builder_version=&#8221;4.24.0&#8243; _module_preset=&#8221;default&#8221; global_colors_info=&#8221;{}&#8221;][et_pb_text _builder_version=&#8221;4.24.0&#8243; _module_preset=&#8221;default&#8221; text_font=&#8221;Montserrat||||||||&#8221; text_text_color=&#8221;gcid-eba182a1-8786-493d-a0ad-84e443249038&#8243; global_colors_info=&#8221;{%22gcid-eba182a1-8786-493d-a0ad-84e443249038%22:%91%22text_text_color%22%93}&#8221;]<\/p>\n<p>Platforma Mindful_Youth.al u realizua nga Qendra Be the Change n\u00eb kuad\u00ebr t\u00eb projektit \u201cSh\u00ebndeti Mendor n\u00eb Epok\u00ebn Digjitale\u201d, me mb\u00ebshtetjen financiare t\u00eb Agjencis\u00eb Komb\u00ebtare t\u00eb Rinis\u00eb, (AKR) dhe Ministrit t\u00eb Shtetit p\u00ebr Rinin\u00eb dhe F\u00ebmij\u00ebt, (MSHRF). Mendimet dhe opinionet e shprehura n\u00eb t\u00eb i p\u00ebrkasin autor\u00ebve dhe nuk p\u00ebrkojn\u00eb domosdoshm\u00ebrisht me q\u00ebndrimet e AKR-s\u00eb dhe MSHRF-s\u00eb.<\/p>\n<p>[\/et_pb_text][\/et_pb_column][\/et_pb_row][\/et_pb_section]<\/p>\n","protected":false},"excerpt":{"rendered":"<p>Aktiviteti \u00a0\u201cNgjyra OFF-line\u201d n\u00eb Durr\u00ebsAktiviteti \u201cNgjyra OFF-line\u201d n\u00eb Durr\u00ebsN\u00ebn drejtimin e Evis Kokalarit, dizajnere dhe ilustratore, t\u00eb rinjt\u00eb e Durr\u00ebsit u zhyt\u00ebn n\u00eb nj\u00eb p\u00ebrvoj\u00eb t\u00eb thell\u00eb krijuese p\u00ebrmes artit. Ky aktivitet sh\u00ebrbeu si nj\u00eb m\u00ebnyr\u00eb alternative p\u00ebr t\u00eb shprehur mendimet dhe emocionet, duke z\u00ebvend\u00ebsuar ekranet me ngjyra, telajo dhe imagjinat\u00eb. T\u00eb rinjt\u00eb u inkurajuan [&hellip;]<\/p>\n","protected":false},"author":1,"featured_media":0,"parent":0,"menu_order":0,"comment_status":"closed","ping_status":"closed","template":"","meta":{"_et_pb_use_builder":"on","_et_pb_old_content":"<!-- wp:divi\/placeholder \/-->","_et_gb_content_width":"","footnotes":""},"dipi_cpt_category":[],"class_list":["post-185","page","type-page","status-publish","hentry"],"_links":{"self":[{"href":"https:\/\/mindful-youth.al\/index.php?rest_route=\/wp\/v2\/pages\/185","targetHints":{"allow":["GET"]}}],"collection":[{"href":"https:\/\/mindful-youth.al\/index.php?rest_route=\/wp\/v2\/pages"}],"about":[{"href":"https:\/\/mindful-youth.al\/index.php?rest_route=\/wp\/v2\/types\/page"}],"author":[{"embeddable":true,"href":"https:\/\/mindful-youth.al\/index.php?rest_route=\/wp\/v2\/users\/1"}],"replies":[{"embeddable":true,"href":"https:\/\/mindful-youth.al\/index.php?rest_route=%2Fwp%2Fv2%2Fcomments&post=185"}],"version-history":[{"count":9,"href":"https:\/\/mindful-youth.al\/index.php?rest_route=\/wp\/v2\/pages\/185\/revisions"}],"predecessor-version":[{"id":330,"href":"https:\/\/mindful-youth.al\/index.php?rest_route=\/wp\/v2\/pages\/185\/revisions\/330"}],"wp:attachment":[{"href":"https:\/\/mindful-youth.al\/index.php?rest_route=%2Fwp%2Fv2%2Fmedia&parent=185"}],"wp:term":[{"taxonomy":"dipi_cpt_category","embeddable":true,"href":"https:\/\/mindful-youth.al\/index.php?rest_route=%2Fwp%2Fv2%2Fdipi_cpt_category&post=185"}],"curies":[{"name":"wp","href":"https:\/\/api.w.org\/{rel}","templated":true}]}}